{"id":2,"date":"2023-08-27T15:57:30","date_gmt":"2023-08-27T13:57:30","guid":{"rendered":"http:\/\/mr-plomberie-chauffage.fr\/?page_id=2"},"modified":"2023-11-05T10:44:46","modified_gmt":"2023-11-05T09:44:46","slug":"plomberie","status":"publish","type":"page","link":"https:\/\/mr-plomberie-chauffage.fr\/index.php\/plomberie\/","title":{"rendered":"Plomberie"},"content":{"rendered":"\n<h1 class=\"wp-block-heading\"><mark style=\"background-color:rgba(0, 0, 0, 0)\" class=\"has-inline-color has-vivid-cyan-blue-color\">Am\u00e9nagement de <\/mark><mark style=\"background-color:rgba(0, 0, 0, 0)\" class=\"has-inline-color has-black-color\">salle de bain<\/mark><\/h1>\n\n\n\n<div style=\"height:35px\" aria-hidden=\"true\" class=\"wp-block-spacer\"><\/div>\n\n\n\n<div class=\"wp-block-group\"><div class=\"wp-block-group__inner-container is-layout-constrained wp-block-group-is-layout-constrained\">\n<blockquote class=\"wp-block-quote is-layout-flow wp-block-quote-is-layout-flow\">\n<p align=\"justify\">L\u2019entreprise effectue l\u2019installation et la cr\u00e9ation de <strong>votre salle de bain<\/strong> en tenant compte de vos envies, de la superficie de votre pi\u00e8ce, du niveau d&#8217;acc\u00e8s demand\u00e9 (normes PMR) ainsi que de votre budget. Nous allons vous pr\u00e9senter une gamme tr\u00e8s large de produits (meubles, vasques, bacs, &#8230;) en collaboration avec nos partenaires distributeurs. Que votre projet soit une r\u00e9novation ou une cr\u00e9ation, nous allons vous apporter nos conseils et notre expertise pour pouvoir r\u00e9aliser tous vos projets.<\/p>\n<\/blockquote>\n<\/div><\/div>\n\n\n\n<div class=\"wp-block-group\"><div class=\"wp-block-group__inner-container is-layout-flow wp-block-group-is-layout-flow\">\n<figure class=\"wp-block-gallery has-nested-images columns-default is-cropped wp-block-gallery-1 is-layout-flex wp-block-gallery-is-layout-flex\">\n<figure class=\"wp-block-image size-large\"><img loading=\"lazy\" decoding=\"async\" width=\"1024\" height=\"575\" data-id=\"73\" src=\"https:\/\/mr-plomberie-chauffage.fr\/wp-content\/uploads\/2023\/08\/IMG_20170309_114225-1024x575.jpg\" alt=\"\" class=\"wp-image-73\" srcset=\"https:\/\/mr-plomberie-chauffage.fr\/wp-content\/uploads\/2023\/08\/IMG_20170309_114225-1024x575.jpg 1024w, https:\/\/mr-plomberie-chauffage.fr\/wp-content\/uploads\/2023\/08\/IMG_20170309_114225-300x168.jpg 300w, https:\/\/mr-plomberie-chauffage.fr\/wp-content\/uploads\/2023\/08\/IMG_20170309_114225-768x431.jpg 768w, https:\/\/mr-plomberie-chauffage.fr\/wp-content\/uploads\/2023\/08\/IMG_20170309_114225-1536x863.jpg 1536w, https:\/\/mr-plomberie-chauffage.fr\/wp-content\/uploads\/2023\/08\/IMG_20170309_114225-2048x1150.jpg 2048w\" sizes=\"auto, (max-width: 1024px) 100vw, 1024px\" \/><figcaption class=\"wp-element-caption\">Meuble vasque encastr\u00e9<\/figcaption><\/figure>\n\n\n\n<figure class=\"wp-block-image size-large\"><img loading=\"lazy\" decoding=\"async\" width=\"614\" height=\"1024\" data-id=\"74\" src=\"https:\/\/mr-plomberie-chauffage.fr\/wp-content\/uploads\/2023\/08\/20160429_144323-614x1024.jpg\" alt=\"\" class=\"wp-image-74\" srcset=\"https:\/\/mr-plomberie-chauffage.fr\/wp-content\/uploads\/2023\/08\/20160429_144323-614x1024.jpg 614w, https:\/\/mr-plomberie-chauffage.fr\/wp-content\/uploads\/2023\/08\/20160429_144323-180x300.jpg 180w, https:\/\/mr-plomberie-chauffage.fr\/wp-content\/uploads\/2023\/08\/20160429_144323-768x1280.jpg 768w, https:\/\/mr-plomberie-chauffage.fr\/wp-content\/uploads\/2023\/08\/20160429_144323-922x1536.jpg 922w, https:\/\/mr-plomberie-chauffage.fr\/wp-content\/uploads\/2023\/08\/20160429_144323-1229x2048.jpg 1229w, https:\/\/mr-plomberie-chauffage.fr\/wp-content\/uploads\/2023\/08\/20160429_144323-rotated.jpg 1536w\" sizes=\"auto, (max-width: 614px) 100vw, 614px\" \/><figcaption class=\"wp-element-caption\">Meubles vasques pos\u00e9s<\/figcaption><\/figure>\n\n\n\n<figure class=\"wp-block-image size-large\"><img loading=\"lazy\" decoding=\"async\" width=\"1024\" height=\"768\" data-id=\"75\" src=\"https:\/\/mr-plomberie-chauffage.fr\/wp-content\/uploads\/2023\/08\/IMG_20191105_182644-1024x768.jpg\" alt=\"\" class=\"wp-image-75\" srcset=\"https:\/\/mr-plomberie-chauffage.fr\/wp-content\/uploads\/2023\/08\/IMG_20191105_182644-1024x768.jpg 1024w, https:\/\/mr-plomberie-chauffage.fr\/wp-content\/uploads\/2023\/08\/IMG_20191105_182644-300x225.jpg 300w, https:\/\/mr-plomberie-chauffage.fr\/wp-content\/uploads\/2023\/08\/IMG_20191105_182644-768x576.jpg 768w, https:\/\/mr-plomberie-chauffage.fr\/wp-content\/uploads\/2023\/08\/IMG_20191105_182644-1536x1152.jpg 1536w, https:\/\/mr-plomberie-chauffage.fr\/wp-content\/uploads\/2023\/08\/IMG_20191105_182644-2048x1536.jpg 2048w\" sizes=\"auto, (max-width: 1024px) 100vw, 1024px\" \/><figcaption class=\"wp-element-caption\">Meuble double vasques encastr\u00e9s<\/figcaption><\/figure>\n\n\n\n<figure class=\"wp-block-image size-large\"><img loading=\"lazy\" decoding=\"async\" width=\"575\" height=\"1024\" data-id=\"77\" src=\"https:\/\/mr-plomberie-chauffage.fr\/wp-content\/uploads\/2023\/08\/IMG_20170518_145754_BURST001_COVER-575x1024.jpg\" alt=\"\" class=\"wp-image-77\" srcset=\"https:\/\/mr-plomberie-chauffage.fr\/wp-content\/uploads\/2023\/08\/IMG_20170518_145754_BURST001_COVER-575x1024.jpg 575w, https:\/\/mr-plomberie-chauffage.fr\/wp-content\/uploads\/2023\/08\/IMG_20170518_145754_BURST001_COVER-168x300.jpg 168w, https:\/\/mr-plomberie-chauffage.fr\/wp-content\/uploads\/2023\/08\/IMG_20170518_145754_BURST001_COVER-768x1368.jpg 768w, https:\/\/mr-plomberie-chauffage.fr\/wp-content\/uploads\/2023\/08\/IMG_20170518_145754_BURST001_COVER-863x1536.jpg 863w, https:\/\/mr-plomberie-chauffage.fr\/wp-content\/uploads\/2023\/08\/IMG_20170518_145754_BURST001_COVER-1150x2048.jpg 1150w, https:\/\/mr-plomberie-chauffage.fr\/wp-content\/uploads\/2023\/08\/IMG_20170518_145754_BURST001_COVER-scaled.jpg 1438w\" sizes=\"auto, (max-width: 575px) 100vw, 575px\" \/><figcaption class=\"wp-element-caption\">Baignoire ilot avec robinetterie haute<\/figcaption><\/figure>\n\n\n\n<figure class=\"wp-block-image size-large\"><img loading=\"lazy\" decoding=\"async\" width=\"575\" height=\"1024\" data-id=\"78\" src=\"https:\/\/mr-plomberie-chauffage.fr\/wp-content\/uploads\/2023\/08\/IMG_20170518_145544-575x1024.jpg\" alt=\"\" class=\"wp-image-78\" srcset=\"https:\/\/mr-plomberie-chauffage.fr\/wp-content\/uploads\/2023\/08\/IMG_20170518_145544-575x1024.jpg 575w, https:\/\/mr-plomberie-chauffage.fr\/wp-content\/uploads\/2023\/08\/IMG_20170518_145544-168x300.jpg 168w, https:\/\/mr-plomberie-chauffage.fr\/wp-content\/uploads\/2023\/08\/IMG_20170518_145544-768x1368.jpg 768w, https:\/\/mr-plomberie-chauffage.fr\/wp-content\/uploads\/2023\/08\/IMG_20170518_145544-863x1536.jpg 863w, https:\/\/mr-plomberie-chauffage.fr\/wp-content\/uploads\/2023\/08\/IMG_20170518_145544-1150x2048.jpg 1150w, https:\/\/mr-plomberie-chauffage.fr\/wp-content\/uploads\/2023\/08\/IMG_20170518_145544-scaled.jpg 1438w\" sizes=\"auto, (max-width: 575px) 100vw, 575px\" \/><figcaption class=\"wp-element-caption\">Baignoire ilot et douche \u00e0 l&#8217;italienne<\/figcaption><\/figure>\n\n\n\n<figure class=\"wp-block-image size-large\"><img loading=\"lazy\" decoding=\"async\" width=\"768\" height=\"1024\" data-id=\"79\" src=\"https:\/\/mr-plomberie-chauffage.fr\/wp-content\/uploads\/2023\/08\/PHOTO-2023-03-05-15-04-58-3-768x1024.jpg\" alt=\"\" class=\"wp-image-79\" srcset=\"https:\/\/mr-plomberie-chauffage.fr\/wp-content\/uploads\/2023\/08\/PHOTO-2023-03-05-15-04-58-3-768x1024.jpg 768w, https:\/\/mr-plomberie-chauffage.fr\/wp-content\/uploads\/2023\/08\/PHOTO-2023-03-05-15-04-58-3-225x300.jpg 225w, https:\/\/mr-plomberie-chauffage.fr\/wp-content\/uploads\/2023\/08\/PHOTO-2023-03-05-15-04-58-3-1152x1536.jpg 1152w, https:\/\/mr-plomberie-chauffage.fr\/wp-content\/uploads\/2023\/08\/PHOTO-2023-03-05-15-04-58-3.jpg 1200w\" sizes=\"auto, (max-width: 768px) 100vw, 768px\" \/><figcaption class=\"wp-element-caption\">Douche &#8220;miroir&#8221;<\/figcaption><\/figure>\n\n\n\n<figure class=\"wp-block-image size-large\"><img loading=\"lazy\" decoding=\"async\" width=\"576\" height=\"1024\" data-id=\"476\" src=\"https:\/\/mr-plomberie-chauffage.fr\/wp-content\/uploads\/2023\/11\/Douche-PMR-576x1024.jpg\" alt=\"\" class=\"wp-image-476\" srcset=\"https:\/\/mr-plomberie-chauffage.fr\/wp-content\/uploads\/2023\/11\/Douche-PMR-576x1024.jpg 576w, https:\/\/mr-plomberie-chauffage.fr\/wp-content\/uploads\/2023\/11\/Douche-PMR-169x300.jpg 169w, https:\/\/mr-plomberie-chauffage.fr\/wp-content\/uploads\/2023\/11\/Douche-PMR-768x1365.jpg 768w, https:\/\/mr-plomberie-chauffage.fr\/wp-content\/uploads\/2023\/11\/Douche-PMR-864x1536.jpg 864w, https:\/\/mr-plomberie-chauffage.fr\/wp-content\/uploads\/2023\/11\/Douche-PMR-1152x2048.jpg 1152w, https:\/\/mr-plomberie-chauffage.fr\/wp-content\/uploads\/2023\/11\/Douche-PMR-scaled.jpg 1440w\" sizes=\"auto, (max-width: 576px) 100vw, 576px\" \/><figcaption class=\"wp-element-caption\">Douche PMR<\/figcaption><\/figure>\n\n\n\n<figure class=\"wp-block-image size-large\"><img loading=\"lazy\" decoding=\"async\" width=\"768\" height=\"1024\" data-id=\"393\" src=\"https:\/\/mr-plomberie-chauffage.fr\/wp-content\/uploads\/2023\/11\/PHOTO-2023-03-05-15-04-56-2-768x1024.jpg\" alt=\"\" class=\"wp-image-393\" srcset=\"https:\/\/mr-plomberie-chauffage.fr\/wp-content\/uploads\/2023\/11\/PHOTO-2023-03-05-15-04-56-2-768x1024.jpg 768w, https:\/\/mr-plomberie-chauffage.fr\/wp-content\/uploads\/2023\/11\/PHOTO-2023-03-05-15-04-56-2-225x300.jpg 225w, https:\/\/mr-plomberie-chauffage.fr\/wp-content\/uploads\/2023\/11\/PHOTO-2023-03-05-15-04-56-2-1152x1536.jpg 1152w, https:\/\/mr-plomberie-chauffage.fr\/wp-content\/uploads\/2023\/11\/PHOTO-2023-03-05-15-04-56-2.jpg 1200w\" sizes=\"auto, (max-width: 768px) 100vw, 768px\" \/><figcaption class=\"wp-element-caption\">Douche PMR tout acc\u00e8s<\/figcaption><\/figure>\n\n\n\n<figure class=\"wp-block-image size-large\"><img loading=\"lazy\" decoding=\"async\" width=\"768\" height=\"1024\" data-id=\"409\" src=\"https:\/\/mr-plomberie-chauffage.fr\/wp-content\/uploads\/2023\/11\/IMG_20220916_160432692-768x1024.jpg\" alt=\"\" class=\"wp-image-409\" srcset=\"https:\/\/mr-plomberie-chauffage.fr\/wp-content\/uploads\/2023\/11\/IMG_20220916_160432692-768x1024.jpg 768w, https:\/\/mr-plomberie-chauffage.fr\/wp-content\/uploads\/2023\/11\/IMG_20220916_160432692-225x300.jpg 225w, https:\/\/mr-plomberie-chauffage.fr\/wp-content\/uploads\/2023\/11\/IMG_20220916_160432692-1152x1536.jpg 1152w, https:\/\/mr-plomberie-chauffage.fr\/wp-content\/uploads\/2023\/11\/IMG_20220916_160432692-1536x2048.jpg 1536w, https:\/\/mr-plomberie-chauffage.fr\/wp-content\/uploads\/2023\/11\/IMG_20220916_160432692-scaled.jpg 1920w\" sizes=\"auto, (max-width: 768px) 100vw, 768px\" \/><figcaption class=\"wp-element-caption\">Douche PMR en niche<\/figcaption><\/figure>\n<\/figure>\n<\/div><\/div>\n\n\n\n<div style=\"height:70px\" aria-hidden=\"true\" class=\"wp-block-spacer\"><\/div>\n\n\n\n<h1 class=\"wp-block-heading\"><mark style=\"background-color:rgba(0, 0, 0, 0)\" class=\"has-inline-color has-vivid-cyan-blue-color\">WC, robinetterie<\/mark> et travaux de plomberie<\/h1>\n\n\n\n<div style=\"height:35px\" aria-hidden=\"true\" class=\"wp-block-spacer\"><\/div>\n\n\n\n<blockquote class=\"wp-block-quote is-layout-flow wp-block-quote-is-layout-flow\">\n<p align=\"justify\">L\u2019entreprise peut aussi vous aider sur l&#8217;installation ou le remplacement de vos WC avec possibilit\u00e9 de pr\u00e9voir un am\u00e9nagement PMR pour faciliter les acc\u00e8s. Nous prenons en charge la r\u00e9alisation de tous les travaux de plomberie n\u00e9cessaires \u00e0 la mise en oeuvre de vos projets, du d\u00e9montage de votre baignoire en fonte en passant par les prolongements des arriv\u00e9es d&#8217;eau et des \u00e9vacuations et jusqu&#8217;\u00e0 l&#8217;installation finale de votre robinetterie.<\/p>\n<\/blockquote>\n\n\n\n<figure class=\"wp-block-gallery has-nested-images columns-default is-cropped wp-block-gallery-2 is-layout-flex wp-block-gallery-is-layout-flex\">\n<figure class=\"wp-block-image size-large\"><img loading=\"lazy\" decoding=\"async\" width=\"768\" height=\"1024\" data-id=\"506\" src=\"https:\/\/mr-plomberie-chauffage.fr\/wp-content\/uploads\/2023\/11\/IMG_20200604_122049-1-768x1024.jpg\" alt=\"\" class=\"wp-image-506\" srcset=\"https:\/\/mr-plomberie-chauffage.fr\/wp-content\/uploads\/2023\/11\/IMG_20200604_122049-1-768x1024.jpg 768w, https:\/\/mr-plomberie-chauffage.fr\/wp-content\/uploads\/2023\/11\/IMG_20200604_122049-1-225x300.jpg 225w, https:\/\/mr-plomberie-chauffage.fr\/wp-content\/uploads\/2023\/11\/IMG_20200604_122049-1-1152x1536.jpg 1152w, https:\/\/mr-plomberie-chauffage.fr\/wp-content\/uploads\/2023\/11\/IMG_20200604_122049-1-1536x2048.jpg 1536w, https:\/\/mr-plomberie-chauffage.fr\/wp-content\/uploads\/2023\/11\/IMG_20200604_122049-1-scaled.jpg 1920w\" sizes=\"auto, (max-width: 768px) 100vw, 768px\" \/><figcaption class=\"wp-element-caption\">WC suspendu<\/figcaption><\/figure>\n\n\n\n<figure class=\"wp-block-image size-large\"><img loading=\"lazy\" decoding=\"async\" width=\"1024\" height=\"443\" data-id=\"213\" src=\"https:\/\/mr-plomberie-chauffage.fr\/wp-content\/uploads\/2023\/10\/slide1-1024x443.jpg\" alt=\"\" class=\"wp-image-213\" srcset=\"https:\/\/mr-plomberie-chauffage.fr\/wp-content\/uploads\/2023\/10\/slide1-1024x443.jpg 1024w, https:\/\/mr-plomberie-chauffage.fr\/wp-content\/uploads\/2023\/10\/slide1-300x130.jpg 300w, https:\/\/mr-plomberie-chauffage.fr\/wp-content\/uploads\/2023\/10\/slide1-768x332.jpg 768w, https:\/\/mr-plomberie-chauffage.fr\/wp-content\/uploads\/2023\/10\/slide1-1536x665.jpg 1536w, https:\/\/mr-plomberie-chauffage.fr\/wp-content\/uploads\/2023\/10\/slide1-2048x886.jpg 2048w\" sizes=\"auto, (max-width: 1024px) 100vw, 1024px\" \/><figcaption class=\"wp-element-caption\">Robinetterie \u00e9vier cuisine<\/figcaption><\/figure>\n\n\n\n<figure class=\"wp-block-image size-large\"><img loading=\"lazy\" decoding=\"async\" width=\"768\" height=\"1024\" data-id=\"505\" src=\"https:\/\/mr-plomberie-chauffage.fr\/wp-content\/uploads\/2023\/11\/IMG_20210326_160744-1-768x1024.jpg\" alt=\"\" class=\"wp-image-505\" srcset=\"https:\/\/mr-plomberie-chauffage.fr\/wp-content\/uploads\/2023\/11\/IMG_20210326_160744-1-768x1024.jpg 768w, https:\/\/mr-plomberie-chauffage.fr\/wp-content\/uploads\/2023\/11\/IMG_20210326_160744-1-225x300.jpg 225w, https:\/\/mr-plomberie-chauffage.fr\/wp-content\/uploads\/2023\/11\/IMG_20210326_160744-1-1152x1536.jpg 1152w, https:\/\/mr-plomberie-chauffage.fr\/wp-content\/uploads\/2023\/11\/IMG_20210326_160744-1-1536x2048.jpg 1536w, https:\/\/mr-plomberie-chauffage.fr\/wp-content\/uploads\/2023\/11\/IMG_20210326_160744-1-scaled.jpg 1920w\" sizes=\"auto, (max-width: 768px) 100vw, 768px\" \/><figcaption class=\"wp-element-caption\">Robinetterie Salle de bain<\/figcaption><\/figure>\n\n\n\n<figure class=\"wp-block-image size-large\"><img loading=\"lazy\" decoding=\"async\" width=\"1024\" height=\"768\" data-id=\"507\" src=\"https:\/\/mr-plomberie-chauffage.fr\/wp-content\/uploads\/2023\/11\/IMG_20230925_084256342-1-1024x768.jpg\" alt=\"\" class=\"wp-image-507\" srcset=\"https:\/\/mr-plomberie-chauffage.fr\/wp-content\/uploads\/2023\/11\/IMG_20230925_084256342-1-1024x768.jpg 1024w, https:\/\/mr-plomberie-chauffage.fr\/wp-content\/uploads\/2023\/11\/IMG_20230925_084256342-1-300x225.jpg 300w, https:\/\/mr-plomberie-chauffage.fr\/wp-content\/uploads\/2023\/11\/IMG_20230925_084256342-1-768x576.jpg 768w, https:\/\/mr-plomberie-chauffage.fr\/wp-content\/uploads\/2023\/11\/IMG_20230925_084256342-1-1536x1152.jpg 1536w, https:\/\/mr-plomberie-chauffage.fr\/wp-content\/uploads\/2023\/11\/IMG_20230925_084256342-1-2048x1536.jpg 2048w\" sizes=\"auto, (max-width: 1024px) 100vw, 1024px\" \/><figcaption class=\"wp-element-caption\">D\u00e9montage baignoire<\/figcaption><\/figure>\n\n\n\n<figure class=\"wp-block-image size-large\"><img loading=\"lazy\" decoding=\"async\" width=\"768\" height=\"1024\" data-id=\"508\" src=\"https:\/\/mr-plomberie-chauffage.fr\/wp-content\/uploads\/2023\/11\/IMG_20230925_113220042-1-768x1024.jpg\" alt=\"\" class=\"wp-image-508\" srcset=\"https:\/\/mr-plomberie-chauffage.fr\/wp-content\/uploads\/2023\/11\/IMG_20230925_113220042-1-768x1024.jpg 768w, https:\/\/mr-plomberie-chauffage.fr\/wp-content\/uploads\/2023\/11\/IMG_20230925_113220042-1-225x300.jpg 225w, https:\/\/mr-plomberie-chauffage.fr\/wp-content\/uploads\/2023\/11\/IMG_20230925_113220042-1-1152x1536.jpg 1152w, https:\/\/mr-plomberie-chauffage.fr\/wp-content\/uploads\/2023\/11\/IMG_20230925_113220042-1-1536x2048.jpg 1536w, https:\/\/mr-plomberie-chauffage.fr\/wp-content\/uploads\/2023\/11\/IMG_20230925_113220042-1-scaled.jpg 1920w\" sizes=\"auto, (max-width: 768px) 100vw, 768px\" \/><figcaption class=\"wp-element-caption\">Pr\u00e9paration arriv\u00e9es d&#8217;eau et evacuation<\/figcaption><\/figure>\n\n\n\n<figure class=\"wp-block-image size-large\"><img loading=\"lazy\" decoding=\"async\" width=\"768\" height=\"1024\" data-id=\"509\" src=\"https:\/\/mr-plomberie-chauffage.fr\/wp-content\/uploads\/2023\/11\/IMG_20230929_094750965-1-768x1024.jpg\" alt=\"\" class=\"wp-image-509\" srcset=\"https:\/\/mr-plomberie-chauffage.fr\/wp-content\/uploads\/2023\/11\/IMG_20230929_094750965-1-768x1024.jpg 768w, https:\/\/mr-plomberie-chauffage.fr\/wp-content\/uploads\/2023\/11\/IMG_20230929_094750965-1-225x300.jpg 225w, https:\/\/mr-plomberie-chauffage.fr\/wp-content\/uploads\/2023\/11\/IMG_20230929_094750965-1-1152x1536.jpg 1152w, https:\/\/mr-plomberie-chauffage.fr\/wp-content\/uploads\/2023\/11\/IMG_20230929_094750965-1-1536x2048.jpg 1536w, https:\/\/mr-plomberie-chauffage.fr\/wp-content\/uploads\/2023\/11\/IMG_20230929_094750965-1-scaled.jpg 1920w\" sizes=\"auto, (max-width: 768px) 100vw, 768px\" \/><figcaption class=\"wp-element-caption\">Installation finale de la douche<\/figcaption><\/figure>\n<\/figure>\n","protected":false},"excerpt":{"rendered":"<p>Am\u00e9nagement de salle de bain L\u2019entreprise effectue l\u2019installation et la cr\u00e9ation de votre salle de bain en tenant compte de vos envies, de la superficie de votre pi\u00e8ce, du niveau d&#8217;acc\u00e8s demand\u00e9 (normes PMR) ainsi que de votre budget. Nous allons vous pr\u00e9senter une gamme tr\u00e8s large de produits (meubles, vasques, bacs, &#8230;) en collaboration [&hellip;]<\/p>\n","protected":false},"author":1,"featured_media":0,"parent":0,"menu_order":0,"comment_status":"closed","ping_status":"closed","template":"templates\/template-page-full-width.php","meta":{"footnotes":""},"class_list":["post-2","page","type-page","status-publish","hentry"],"yoast_head":"<!-- This site is optimized with the Yoast SEO plugin v21.5 - https:\/\/yoast.com\/wordpress\/plugins\/seo\/ -->\n<title>Plomberie - Mickael Rainard<\/title>\n<meta name=\"robots\" content=\"index, follow, max-snippet:-1, max-image-preview:large, max-video-preview:-1\" \/>\n<link rel=\"canonical\" href=\"https:\/\/mr-plomberie-chauffage.fr\/index.php\/plomberie\/\" \/>\n<meta property=\"og:locale\" content=\"en_US\" \/>\n<meta property=\"og:type\" content=\"article\" \/>\n<meta property=\"og:title\" content=\"Plomberie - Mickael Rainard\" \/>\n<meta property=\"og:description\" content=\"Am\u00e9nagement de salle de bain L\u2019entreprise effectue l\u2019installation et la cr\u00e9ation de votre salle de bain en tenant compte de vos envies, de la superficie de votre pi\u00e8ce, du niveau d&#8217;acc\u00e8s demand\u00e9 (normes PMR) ainsi que de votre budget. Nous allons vous pr\u00e9senter une gamme tr\u00e8s large de produits (meubles, vasques, bacs, &#8230;) en collaboration [&hellip;]\" \/>\n<meta property=\"og:url\" content=\"https:\/\/mr-plomberie-chauffage.fr\/index.php\/plomberie\/\" \/>\n<meta property=\"og:site_name\" content=\"Mickael Rainard\" \/>\n<meta property=\"article:modified_time\" content=\"2023-11-05T09:44:46+00:00\" \/>\n<meta property=\"og:image\" content=\"https:\/\/mr-plomberie-chauffage.fr\/wp-content\/uploads\/2023\/08\/IMG_20170309_114225-1024x575.jpg\" \/>\n<meta name=\"twitter:card\" content=\"summary_large_image\" \/>\n<meta name=\"twitter:label1\" content=\"Est. reading time\" \/>\n\t<meta name=\"twitter:data1\" content=\"4 minutes\" \/>\n<script type=\"application\/ld+json\" class=\"yoast-schema-graph\">{\"@context\":\"https:\/\/schema.org\",\"@graph\":[{\"@type\":\"WebPage\",\"@id\":\"https:\/\/mr-plomberie-chauffage.fr\/index.php\/plomberie\/\",\"url\":\"https:\/\/mr-plomberie-chauffage.fr\/index.php\/plomberie\/\",\"name\":\"Plomberie - Mickael Rainard\",\"isPartOf\":{\"@id\":\"https:\/\/mr-plomberie-chauffage.fr\/#website\"},\"datePublished\":\"2023-08-27T13:57:30+00:00\",\"dateModified\":\"2023-11-05T09:44:46+00:00\",\"breadcrumb\":{\"@id\":\"https:\/\/mr-plomberie-chauffage.fr\/index.php\/plomberie\/#breadcrumb\"},\"inLanguage\":\"en-US\",\"potentialAction\":[{\"@type\":\"ReadAction\",\"target\":[\"https:\/\/mr-plomberie-chauffage.fr\/index.php\/plomberie\/\"]}]},{\"@type\":\"BreadcrumbList\",\"@id\":\"https:\/\/mr-plomberie-chauffage.fr\/index.php\/plomberie\/#breadcrumb\",\"itemListElement\":[{\"@type\":\"ListItem\",\"position\":1,\"name\":\"Accueil\",\"item\":\"https:\/\/mr-plomberie-chauffage.fr\/\"},{\"@type\":\"ListItem\",\"position\":2,\"name\":\"Plomberie\"}]},{\"@type\":\"WebSite\",\"@id\":\"https:\/\/mr-plomberie-chauffage.fr\/#website\",\"url\":\"https:\/\/mr-plomberie-chauffage.fr\/\",\"name\":\"Mickael Rainard\",\"description\":\"Plombier Chauffagiste\",\"publisher\":{\"@id\":\"https:\/\/mr-plomberie-chauffage.fr\/#organization\"},\"potentialAction\":[{\"@type\":\"SearchAction\",\"target\":{\"@type\":\"EntryPoint\",\"urlTemplate\":\"https:\/\/mr-plomberie-chauffage.fr\/?s={search_term_string}\"},\"query-input\":\"required name=search_term_string\"}],\"inLanguage\":\"en-US\"},{\"@type\":\"Organization\",\"@id\":\"https:\/\/mr-plomberie-chauffage.fr\/#organization\",\"name\":\"Mickael Rainard\",\"url\":\"https:\/\/mr-plomberie-chauffage.fr\/\",\"logo\":{\"@type\":\"ImageObject\",\"inLanguage\":\"en-US\",\"@id\":\"https:\/\/mr-plomberie-chauffage.fr\/#\/schema\/logo\/image\/\",\"url\":\"https:\/\/mr-plomberie-chauffage.fr\/wp-content\/uploads\/2023\/10\/slide4-scaled.jpg\",\"contentUrl\":\"https:\/\/mr-plomberie-chauffage.fr\/wp-content\/uploads\/2023\/10\/slide4-scaled.jpg\",\"width\":2560,\"height\":1438,\"caption\":\"Mickael Rainard\"},\"image\":{\"@id\":\"https:\/\/mr-plomberie-chauffage.fr\/#\/schema\/logo\/image\/\"},\"sameAs\":[\"https:\/\/www.instagram.com\/micka.rainard\/\"]}]}<\/script>\n<!-- \/ Yoast SEO plugin. -->","yoast_head_json":{"title":"Plomberie - Mickael Rainard","robots":{"index":"index","follow":"follow","max-snippet":"max-snippet:-1","max-image-preview":"max-image-preview:large","max-video-preview":"max-video-preview:-1"},"canonical":"https:\/\/mr-plomberie-chauffage.fr\/index.php\/plomberie\/","og_locale":"en_US","og_type":"article","og_title":"Plomberie - Mickael Rainard","og_description":"Am\u00e9nagement de salle de bain L\u2019entreprise effectue l\u2019installation et la cr\u00e9ation de votre salle de bain en tenant compte de vos envies, de la superficie de votre pi\u00e8ce, du niveau d&#8217;acc\u00e8s demand\u00e9 (normes PMR) ainsi que de votre budget. Nous allons vous pr\u00e9senter une gamme tr\u00e8s large de produits (meubles, vasques, bacs, &#8230;) en collaboration [&hellip;]","og_url":"https:\/\/mr-plomberie-chauffage.fr\/index.php\/plomberie\/","og_site_name":"Mickael Rainard","article_modified_time":"2023-11-05T09:44:46+00:00","og_image":[{"url":"https:\/\/mr-plomberie-chauffage.fr\/wp-content\/uploads\/2023\/08\/IMG_20170309_114225-1024x575.jpg"}],"twitter_card":"summary_large_image","twitter_misc":{"Est. reading time":"4 minutes"},"schema":{"@context":"https:\/\/schema.org","@graph":[{"@type":"WebPage","@id":"https:\/\/mr-plomberie-chauffage.fr\/index.php\/plomberie\/","url":"https:\/\/mr-plomberie-chauffage.fr\/index.php\/plomberie\/","name":"Plomberie - Mickael Rainard","isPartOf":{"@id":"https:\/\/mr-plomberie-chauffage.fr\/#website"},"datePublished":"2023-08-27T13:57:30+00:00","dateModified":"2023-11-05T09:44:46+00:00","breadcrumb":{"@id":"https:\/\/mr-plomberie-chauffage.fr\/index.php\/plomberie\/#breadcrumb"},"inLanguage":"en-US","potentialAction":[{"@type":"ReadAction","target":["https:\/\/mr-plomberie-chauffage.fr\/index.php\/plomberie\/"]}]},{"@type":"BreadcrumbList","@id":"https:\/\/mr-plomberie-chauffage.fr\/index.php\/plomberie\/#breadcrumb","itemListElement":[{"@type":"ListItem","position":1,"name":"Accueil","item":"https:\/\/mr-plomberie-chauffage.fr\/"},{"@type":"ListItem","position":2,"name":"Plomberie"}]},{"@type":"WebSite","@id":"https:\/\/mr-plomberie-chauffage.fr\/#website","url":"https:\/\/mr-plomberie-chauffage.fr\/","name":"Mickael Rainard","description":"Plombier Chauffagiste","publisher":{"@id":"https:\/\/mr-plomberie-chauffage.fr\/#organization"},"potentialAction":[{"@type":"SearchAction","target":{"@type":"EntryPoint","urlTemplate":"https:\/\/mr-plomberie-chauffage.fr\/?s={search_term_string}"},"query-input":"required name=search_term_string"}],"inLanguage":"en-US"},{"@type":"Organization","@id":"https:\/\/mr-plomberie-chauffage.fr\/#organization","name":"Mickael Rainard","url":"https:\/\/mr-plomberie-chauffage.fr\/","logo":{"@type":"ImageObject","inLanguage":"en-US","@id":"https:\/\/mr-plomberie-chauffage.fr\/#\/schema\/logo\/image\/","url":"https:\/\/mr-plomberie-chauffage.fr\/wp-content\/uploads\/2023\/10\/slide4-scaled.jpg","contentUrl":"https:\/\/mr-plomberie-chauffage.fr\/wp-content\/uploads\/2023\/10\/slide4-scaled.jpg","width":2560,"height":1438,"caption":"Mickael Rainard"},"image":{"@id":"https:\/\/mr-plomberie-chauffage.fr\/#\/schema\/logo\/image\/"},"sameAs":["https:\/\/www.instagram.com\/micka.rainard\/"]}]}},"_links":{"self":[{"href":"https:\/\/mr-plomberie-chauffage.fr\/index.php\/wp-json\/wp\/v2\/pages\/2","targetHints":{"allow":["GET"]}}],"collection":[{"href":"https:\/\/mr-plomberie-chauffage.fr\/index.php\/wp-json\/wp\/v2\/pages"}],"about":[{"href":"https:\/\/mr-plomberie-chauffage.fr\/index.php\/wp-json\/wp\/v2\/types\/page"}],"author":[{"embeddable":true,"href":"https:\/\/mr-plomberie-chauffage.fr\/index.php\/wp-json\/wp\/v2\/users\/1"}],"replies":[{"embeddable":true,"href":"https:\/\/mr-plomberie-chauffage.fr\/index.php\/wp-json\/wp\/v2\/comments?post=2"}],"version-history":[{"count":73,"href":"https:\/\/mr-plomberie-chauffage.fr\/index.php\/wp-json\/wp\/v2\/pages\/2\/revisions"}],"predecessor-version":[{"id":510,"href":"https:\/\/mr-plomberie-chauffage.fr\/index.php\/wp-json\/wp\/v2\/pages\/2\/revisions\/510"}],"wp:attachment":[{"href":"https:\/\/mr-plomberie-chauffage.fr\/index.php\/wp-json\/wp\/v2\/media?parent=2"}],"curies":[{"name":"wp","href":"https:\/\/api.w.org\/{rel}","templated":true}]}}